{"id":6,"date":"2016-05-17T19:34:13","date_gmt":"2016-05-17T18:34:13","guid":{"rendered":"https:\/\/www.locafast.fr\/?page_id=6"},"modified":"2023-12-04T10:32:10","modified_gmt":"2023-12-04T09:32:10","slug":"demenageur","status":"publish","type":"page","link":"https:\/\/www.locafast.fr\/","title":{"rendered":"Locafast votre d\u00e9m\u00e9nageur \u00e0 Paris"},"content":{"rendered":"\n<p>Vous projetez d\u00e9m\u00e9nager prochainement ? Nous vous fournissons un <a href=\"https:\/\/www.demenageur.com\/devis-demenagement\/\">devis d\u00e9m\u00e9nagement<\/a> gratuit, quelle que soit votre nouvelle destination.<\/p>\n\n\n\n<h2 class=\"wp-block-heading\">D\u00e9m\u00e9nager en toute s\u00e9r\u00e9nit\u00e9 dans toute la France<\/h2>\n\n\n\n<p>Vous allez bient\u00f4t emm\u00e9nager dans une nouvelle maison ? Sachez que cet \u00e9v\u00e9nement se pr\u00e9pare pendant plusieurs semaines pour qu\u2019il se d\u00e9roule dans les meilleures conditions. Pensez \u00e0 prendre quelques jours de cong\u00e9 aupr\u00e8s de votre employeur. Vous devez ensuite faire en sorte que chaque objet soit bien emball\u00e9 pour \u00e9viter les casses. Avant tout, placez vos papiers utiles dans une pochette ou une boite s\u00fbre pour ne pas les \u00e9garer. Empaquetez les objets qui ne vous servent pas tous les jours afin que vous n\u2019ayez pas une masse de choses \u00e0 faire \u00e0 l\u2019approche du jour J. Les jouets, certains \u00e9quipements de m\u00eame que les v\u00eatements que vous ne portez pas doivent \u00eatre rang\u00e9s \u00e0 l\u2019avance. C\u2019est aussi l\u2019occasion pour trier vos affaires. Vous serez surpris en voyant le nombre d\u2019objets que vous gardiez chez vous alors que vous ne les utilisez plus ou parce qu\u2019ils sont bons pour la poubelle.<\/p>\n\n\n\n<p>Vous devez \u00e9galement consacrer un budget pour votre d\u00e9part et votre installation. Vous devrez en plus acheter du mat\u00e9riel et engager un d\u00e9m\u00e9nageur. En effet, la recherche d\u2019une entreprise de d\u00e9m\u00e9nagement&nbsp;doit en outre \u00eatre effectu\u00e9e quelques semaines \u00e0 l\u2019avance. Contactez-le pour lui expliquer votre situation, pour avoir un devis et pour convenir d\u2019une date. Si vous voulez ranger vos affaires dans un garde-meuble, alors vous devez aussi r\u00e9server une place dans la ville de votre nouvel emm\u00e9nagement. D\u2019autres d\u00e9marches administratives doivent de m\u00eame \u00eatre men\u00e9es. Pensez \u00e0 envoyer une lettre de pr\u00e9avis \u00e0 votre propri\u00e9taire. Votre contrat de bail pr\u00e9voit en effet que vous devez le pr\u00e9venir quelques mois avant votre d\u00e9part. Il est par ailleurs important d\u2019avertir votre fournisseur d\u2019\u00e9lectricit\u00e9 et de gaz de votre d\u00e9part. Des agents viendront fermer votre compteur et effectuer le relev\u00e9. Vos abonnements divers doivent \u00e9galement \u00eatre transf\u00e9r\u00e9s vers votre nouveau logement.<br>\nLe mat\u00e9riel utile pour un bon d\u00e9m\u00e9nagement<br>\nIl faut que chaque article soit bien emball\u00e9 pour qu\u2019il ne se perde pas et pour \u00e9viter les casses. Investissez dans des carton de d\u00e9m\u00e9nagement&nbsp;solides dans lesquels vous rangerez vos affaires. Vous avez \u00e9galement besoin de quelques rouleaux de scotch pour sceller vos paquets. Les marqueurs sont incontournables pour \u00e9crirez leur description et leur destination dans votre nouveau logis. Un rouleau de papier bulle pour empaqueter les objets fragiles n&rsquo;est pas non plus un luxe. La r\u00e8gle veut que l\u2019on mette les objets lourds au fond des boites. Faites en sorte que les articles en verre ne s\u2019entrechoquent pas entre eux. Dans ce cas, optez pour des chips de calage qui amortiront les chocs. Rangez vos cartons dans un coin de chaque chambre pour faciliter leur manutention. Les bouteilles et les pots doivent \u00eatre bien ferm\u00e9s et plac\u00e9s dans du sachet pour \u00e9viter que le liquide coule. L\u2019id\u00e9al pour les mat\u00e9riels audio-visuels est de les remettre dans leur carton d\u2019emballage d&rsquo;origine. Vous n\u2019aurez qu\u2019\u00e0 les installer dans le socle en polystyr\u00e8ne dans lequel ils ont \u00e9t\u00e9 livr\u00e9s. Vous ne risquez pas ainsi de perdre des pi\u00e8ces tandis que vous \u00eates s\u00fbr que votre \u00e9quipement est prot\u00e9g\u00e9 dans les conditions optimales.<\/p>\n\n\n\n<h2 class=\"wp-block-heading\">Bien choisir votre d\u00e9m\u00e9nageur<\/h2>\n\n\n\n<p>Le choix de votre d\u00e9m\u00e9nageur doit \u00eatre fait s\u00e9rieusement. Ce professionnel doit avant tout poss\u00e9der le mat\u00e9riel et le personnel ad\u00e9quat pour le transport de vos colis. Le camion ou le transpalette peuvent ne pas suffire surtout si vous avez des meubles lourds et que vous vous installerez dans des \u00e9tages \u00e9lev\u00e9s. Votre emm\u00e9nagement peut n\u00e9cessite un passage par fen\u00eatre et votre d\u00e9m\u00e9nageur peut ainsi pr\u00e9voir l\u2019utilisation d\u2019une grue ou d\u2019un palan. Cette entreprise de d\u00e9m\u00e9nagement doit \u00e9galement \u00eatre exp\u00e9riment\u00e9e. Vous pourrez voir des retours des clients sur des forums en ligne. Il est important que son \u00e9quipe soit soigneuse et traite vos carton de d\u00e9m\u00e9nagement avec d\u00e9licatesse. D&rsquo;autre part, ce professionnel doit \u00eatre couvert par une assurance. Un accident peut en effet se produire, m\u00eame si toutes les pr\u00e9cautions sont prises. C\u2019est son assureur qui vous d\u00e9dommagera ainsi si vos affaires sont cass\u00e9es ou perdues. Enfin, une autre qualit\u00e9 inestimable est son honn\u00eatet\u00e9. Vous lui confierez en effet vos biens pendant un bout de temps et il faut qu\u2019elles arrivent en bon \u00e9tat et enti\u00e8res \u00e0 destination.<\/p>\n","protected":false},"excerpt":{"rendered":"<p>Vous projetez d\u00e9m\u00e9nager prochainement ? Nous vous fournissons un devis d\u00e9m\u00e9nagement gratuit, quelle que soit votre nouvelle destination. D\u00e9m\u00e9nager en toute s\u00e9r\u00e9nit\u00e9 dans toute la France Vous allez bient\u00f4t emm\u00e9nager dans une nouvelle maison ? Sachez que cet \u00e9v\u00e9nement se pr\u00e9pare pendant plusieurs semaines pour qu\u2019il se d\u00e9roule dans les meilleures conditions. Pensez \u00e0 prendre &hellip; <a href=\"https:\/\/www.locafast.fr\/\" class=\"more-link\">Continuer la lecture de <span class=\"screen-reader-text\">Locafast votre d\u00e9m\u00e9nageur \u00e0 Paris<\/span> <span class=\"meta-nav\">&rarr;<\/span><\/a><\/p>\n","protected":false},"author":1,"featured_media":0,"parent":0,"menu_order":0,"comment_status":"closed","ping_status":"closed","template":"","meta":{"_seopress_robots_primary_cat":"","_seopress_titles_title":"","_seopress_titles_desc":"","_seopress_robots_index":"","footnotes":""},"class_list":["post-6","page","type-page","status-publish","hentry"],"_links":{"self":[{"href":"https:\/\/www.locafast.fr\/index.php\/wp-json\/wp\/v2\/pages\/6","targetHints":{"allow":["GET"]}}],"collection":[{"href":"https:\/\/www.locafast.fr\/index.php\/wp-json\/wp\/v2\/pages"}],"about":[{"href":"https:\/\/www.locafast.fr\/index.php\/wp-json\/wp\/v2\/types\/page"}],"author":[{"embeddable":true,"href":"https:\/\/www.locafast.fr\/index.php\/wp-json\/wp\/v2\/users\/1"}],"replies":[{"embeddable":true,"href":"https:\/\/www.locafast.fr\/index.php\/wp-json\/wp\/v2\/comments?post=6"}],"version-history":[{"count":6,"href":"https:\/\/www.locafast.fr\/index.php\/wp-json\/wp\/v2\/pages\/6\/revisions"}],"predecessor-version":[{"id":18,"href":"https:\/\/www.locafast.fr\/index.php\/wp-json\/wp\/v2\/pages\/6\/revisions\/18"}],"wp:attachment":[{"href":"https:\/\/www.locafast.fr\/index.php\/wp-json\/wp\/v2\/media?parent=6"}],"curies":[{"name":"wp","href":"https:\/\/api.w.org\/{rel}","templated":true}]}}